{"id":216,"date":"2020-07-06T05:57:02","date_gmt":"2020-07-06T05:57:02","guid":{"rendered":"https:\/\/jupiterx.artbees.net\/agency-3\/?page_id=216"},"modified":"2024-04-18T17:10:40","modified_gmt":"2024-04-18T15:10:40","slug":"blog","status":"publish","type":"page","link":"https:\/\/www.flyingfounders.com\/?page_id=216","title":{"rendered":"Blog"},"content":{"rendered":"\t\t<div data-elementor-type=\"wp-page\" data-elementor-id=\"216\" class=\"elementor elementor-216\">\n\t\t\t\t\t\t<section class=\"elementor-section elementor-top-section elementor-element elementor-element-94d84ba elementor-section-boxed elementor-section-height-default elementor-section-height-default\" data-id=\"94d84ba\" data-element_type=\"section\" data-settings=\"{&quot;background_background&quot;:&quot;classic&quot;}\">\n\t\t\t\t\t\t<div class=\"elementor-container elementor-column-gap-default\">\n\t\t\t\t\t<div class=\"elementor-column elementor-col-100 elementor-top-column elementor-element elementor-element-6046fb0\" data-id=\"6046fb0\" data-element_type=\"column\">\n\t\t\t<div class=\"elementor-widget-wrap\">\n\t\t\t\t\t\t\t<\/div>\n\t\t<\/div>\n\t\t\t\t\t<\/div>\n\t\t<\/section>\n\t\t\t\t<section class=\"elementor-section elementor-top-section elementor-element elementor-element-803ce26 elementor-section-boxed elementor-section-height-default elementor-section-height-default\" data-id=\"803ce26\" data-element_type=\"section\">\n\t\t\t\t\t\t<div class=\"elementor-container elementor-column-gap-default\">\n\t\t\t\t\t<div class=\"elementor-column elementor-col-100 elementor-top-column elementor-element elementor-element-c27edaf\" data-id=\"c27edaf\" data-element_type=\"column\">\n\t\t\t<div class=\"elementor-widget-wrap\">\n\t\t\t\t\t\t\t<\/div>\n\t\t<\/div>\n\t\t\t\t\t<\/div>\n\t\t<\/section>\n\t\t\t\t<\/div>\n\t\t","protected":false},"excerpt":{"rendered":"<p>Home Recent News July 6, 2020 \/ No Comments Dutch Publishing Media Giants Duis aute irure dolor in reprehenderit in voluptate velit esse cillum rei eu fugiat ise nulla riatur xcepteur sint occaecat cupidatat non roident sunt in culpa quofficia.deserunt mollit anim ides est aborum erspiciatis unde omnis iste natus ficia deserunt mollites July 6, [&hellip;]<\/p>\n","protected":false},"author":2,"featured_media":0,"parent":0,"menu_order":0,"comment_status":"closed","ping_status":"closed","template":"elementor_header_footer","meta":{"_monsterinsights_skip_tracking":false,"_monsterinsights_sitenote_active":false,"_monsterinsights_sitenote_note":"","_monsterinsights_sitenote_category":0,"footnotes":""},"yoast_head":"<!-- This site is optimized with the Yoast SEO plugin v22.5 - https:\/\/yoast.com\/wordpress\/plugins\/seo\/ -->\n<title>Agency - Jupiter X Templates<\/title>\n<meta name=\"description\" content=\"What makes a creative agency website so special? Great design, creative use of colors and elements, usability and responsiveness. Jupiter X WP Theme&#039;s Agency website template has it all and beyond!\" \/>\n<meta name=\"robots\" content=\"index, follow, max-snippet:-1, max-image-preview:large, max-video-preview:-1\" \/>\n<link rel=\"canonical\" href=\"https:\/\/www.flyingfounders.com\/?page_id=216\" \/>\n<meta property=\"og:locale\" content=\"sk_SK\" \/>\n<meta property=\"og:type\" content=\"article\" \/>\n<meta property=\"og:title\" content=\"Agency - Jupiter X Templates\" \/>\n<meta property=\"og:description\" content=\"What makes a creative agency website so special? Great design, creative use of colors and elements, usability and responsiveness. Jupiter X WP Theme&#039;s Agency website template has it all and beyond!\" \/>\n<meta property=\"og:url\" content=\"https:\/\/www.flyingfounders.com\/?page_id=216\" \/>\n<meta property=\"og:site_name\" content=\"Flying Founders\" \/>\n<meta property=\"article:modified_time\" content=\"2024-04-18T15:10:40+00:00\" \/>\n<meta property=\"og:image\" content=\"https:\/\/jupiterx.artbees.net\/agency-3\/wp-content\/uploads\/sites\/429\/2020\/07\/post4.jpg\" \/>\n<meta name=\"twitter:card\" content=\"summary_large_image\" \/>\n<meta name=\"twitter:label1\" content=\"Predpokladan\u00fd \u010das \u010d\u00edtania\" \/>\n\t<meta name=\"twitter:data1\" content=\"1 min\u00fata\" \/>\n<script type=\"application\/ld+json\" class=\"yoast-schema-graph\">{\"@context\":\"https:\/\/schema.org\",\"@graph\":[{\"@type\":\"WebPage\",\"@id\":\"https:\/\/www.flyingfounders.com\/?page_id=216\",\"url\":\"https:\/\/www.flyingfounders.com\/?page_id=216\",\"name\":\"Agency - Jupiter X Templates\",\"isPartOf\":{\"@id\":\"https:\/\/www.flyingfounders.com\/#website\"},\"primaryImageOfPage\":{\"@id\":\"https:\/\/www.flyingfounders.com\/?page_id=216#primaryimage\"},\"image\":{\"@id\":\"https:\/\/www.flyingfounders.com\/?page_id=216#primaryimage\"},\"thumbnailUrl\":\"https:\/\/www.flyingfounders.com\/wp-content\/uploads\/2020\/07\/post4-1.jpg\",\"datePublished\":\"2020-07-06T05:57:02+00:00\",\"dateModified\":\"2024-04-18T15:10:40+00:00\",\"description\":\"What makes a creative agency website so special? Great design, creative use of colors and elements, usability and responsiveness. Jupiter X WP Theme's Agency website template has it all and beyond!\",\"breadcrumb\":{\"@id\":\"https:\/\/www.flyingfounders.com\/?page_id=216#breadcrumb\"},\"inLanguage\":\"sk-SK\",\"potentialAction\":[{\"@type\":\"ReadAction\",\"target\":[\"https:\/\/www.flyingfounders.com\/?page_id=216\"]}]},{\"@type\":\"ImageObject\",\"inLanguage\":\"sk-SK\",\"@id\":\"https:\/\/www.flyingfounders.com\/?page_id=216#primaryimage\",\"url\":\"https:\/\/www.flyingfounders.com\/wp-content\/uploads\/2020\/07\/post4-1.jpg\",\"contentUrl\":\"https:\/\/www.flyingfounders.com\/wp-content\/uploads\/2020\/07\/post4-1.jpg\",\"width\":950,\"height\":501},{\"@type\":\"BreadcrumbList\",\"@id\":\"https:\/\/www.flyingfounders.com\/?page_id=216#breadcrumb\",\"itemListElement\":[{\"@type\":\"ListItem\",\"position\":1,\"name\":\"Home\",\"item\":\"https:\/\/www.flyingfounders.com\/\"},{\"@type\":\"ListItem\",\"position\":2,\"name\":\"Blog\"}]},{\"@type\":\"WebSite\",\"@id\":\"https:\/\/www.flyingfounders.com\/#website\",\"url\":\"https:\/\/www.flyingfounders.com\/\",\"name\":\"Flying Founders\",\"description\":\"\",\"publisher\":{\"@id\":\"https:\/\/www.flyingfounders.com\/#organization\"},\"potentialAction\":[{\"@type\":\"SearchAction\",\"target\":{\"@type\":\"EntryPoint\",\"urlTemplate\":\"https:\/\/www.flyingfounders.com\/?s={search_term_string}\"},\"query-input\":\"required name=search_term_string\"}],\"inLanguage\":\"sk-SK\"},{\"@type\":\"Organization\",\"@id\":\"https:\/\/www.flyingfounders.com\/#organization\",\"name\":\"Flying Founders\",\"url\":\"https:\/\/www.flyingfounders.com\/\",\"logo\":{\"@type\":\"ImageObject\",\"inLanguage\":\"sk-SK\",\"@id\":\"https:\/\/www.flyingfounders.com\/#\/schema\/logo\/image\/\",\"url\":\"https:\/\/www.flyingfounders.com\/wp-content\/uploads\/2020\/07\/ff-logo-symbol.png\",\"contentUrl\":\"https:\/\/www.flyingfounders.com\/wp-content\/uploads\/2020\/07\/ff-logo-symbol.png\",\"width\":368,\"height\":429,\"caption\":\"Flying Founders\"},\"image\":{\"@id\":\"https:\/\/www.flyingfounders.com\/#\/schema\/logo\/image\/\"}}]}<\/script>\n<!-- \/ Yoast SEO plugin. -->","yoast_head_json":{"title":"Agency - Jupiter X Templates","description":"What makes a creative agency website so special? Great design, creative use of colors and elements, usability and responsiveness. Jupiter X WP Theme's Agency website template has it all and beyond!","robots":{"index":"index","follow":"follow","max-snippet":"max-snippet:-1","max-image-preview":"max-image-preview:large","max-video-preview":"max-video-preview:-1"},"canonical":"https:\/\/www.flyingfounders.com\/?page_id=216","og_locale":"sk_SK","og_type":"article","og_title":"Agency - Jupiter X Templates","og_description":"What makes a creative agency website so special? Great design, creative use of colors and elements, usability and responsiveness. Jupiter X WP Theme's Agency website template has it all and beyond!","og_url":"https:\/\/www.flyingfounders.com\/?page_id=216","og_site_name":"Flying Founders","article_modified_time":"2024-04-18T15:10:40+00:00","og_image":[{"url":"https:\/\/jupiterx.artbees.net\/agency-3\/wp-content\/uploads\/sites\/429\/2020\/07\/post4.jpg"}],"twitter_card":"summary_large_image","twitter_misc":{"Predpokladan\u00fd \u010das \u010d\u00edtania":"1 min\u00fata"},"schema":{"@context":"https:\/\/schema.org","@graph":[{"@type":"WebPage","@id":"https:\/\/www.flyingfounders.com\/?page_id=216","url":"https:\/\/www.flyingfounders.com\/?page_id=216","name":"Agency - Jupiter X Templates","isPartOf":{"@id":"https:\/\/www.flyingfounders.com\/#website"},"primaryImageOfPage":{"@id":"https:\/\/www.flyingfounders.com\/?page_id=216#primaryimage"},"image":{"@id":"https:\/\/www.flyingfounders.com\/?page_id=216#primaryimage"},"thumbnailUrl":"https:\/\/www.flyingfounders.com\/wp-content\/uploads\/2020\/07\/post4-1.jpg","datePublished":"2020-07-06T05:57:02+00:00","dateModified":"2024-04-18T15:10:40+00:00","description":"What makes a creative agency website so special? Great design, creative use of colors and elements, usability and responsiveness. Jupiter X WP Theme's Agency website template has it all and beyond!","breadcrumb":{"@id":"https:\/\/www.flyingfounders.com\/?page_id=216#breadcrumb"},"inLanguage":"sk-SK","potentialAction":[{"@type":"ReadAction","target":["https:\/\/www.flyingfounders.com\/?page_id=216"]}]},{"@type":"ImageObject","inLanguage":"sk-SK","@id":"https:\/\/www.flyingfounders.com\/?page_id=216#primaryimage","url":"https:\/\/www.flyingfounders.com\/wp-content\/uploads\/2020\/07\/post4-1.jpg","contentUrl":"https:\/\/www.flyingfounders.com\/wp-content\/uploads\/2020\/07\/post4-1.jpg","width":950,"height":501},{"@type":"BreadcrumbList","@id":"https:\/\/www.flyingfounders.com\/?page_id=216#breadcrumb","itemListElement":[{"@type":"ListItem","position":1,"name":"Home","item":"https:\/\/www.flyingfounders.com\/"},{"@type":"ListItem","position":2,"name":"Blog"}]},{"@type":"WebSite","@id":"https:\/\/www.flyingfounders.com\/#website","url":"https:\/\/www.flyingfounders.com\/","name":"Flying Founders","description":"","publisher":{"@id":"https:\/\/www.flyingfounders.com\/#organization"},"potentialAction":[{"@type":"SearchAction","target":{"@type":"EntryPoint","urlTemplate":"https:\/\/www.flyingfounders.com\/?s={search_term_string}"},"query-input":"required name=search_term_string"}],"inLanguage":"sk-SK"},{"@type":"Organization","@id":"https:\/\/www.flyingfounders.com\/#organization","name":"Flying Founders","url":"https:\/\/www.flyingfounders.com\/","logo":{"@type":"ImageObject","inLanguage":"sk-SK","@id":"https:\/\/www.flyingfounders.com\/#\/schema\/logo\/image\/","url":"https:\/\/www.flyingfounders.com\/wp-content\/uploads\/2020\/07\/ff-logo-symbol.png","contentUrl":"https:\/\/www.flyingfounders.com\/wp-content\/uploads\/2020\/07\/ff-logo-symbol.png","width":368,"height":429,"caption":"Flying Founders"},"image":{"@id":"https:\/\/www.flyingfounders.com\/#\/schema\/logo\/image\/"}}]}},"_links":{"self":[{"href":"https:\/\/www.flyingfounders.com\/index.php?rest_route=\/wp\/v2\/pages\/216"}],"collection":[{"href":"https:\/\/www.flyingfounders.com\/index.php?rest_route=\/wp\/v2\/pages"}],"about":[{"href":"https:\/\/www.flyingfounders.com\/index.php?rest_route=\/wp\/v2\/types\/page"}],"author":[{"embeddable":true,"href":"https:\/\/www.flyingfounders.com\/index.php?rest_route=\/wp\/v2\/users\/2"}],"replies":[{"embeddable":true,"href":"https:\/\/www.flyingfounders.com\/index.php?rest_route=%2Fwp%2Fv2%2Fcomments&post=216"}],"version-history":[{"count":1,"href":"https:\/\/www.flyingfounders.com\/index.php?rest_route=\/wp\/v2\/pages\/216\/revisions"}],"predecessor-version":[{"id":448,"href":"https:\/\/www.flyingfounders.com\/index.php?rest_route=\/wp\/v2\/pages\/216\/revisions\/448"}],"wp:attachment":[{"href":"https:\/\/www.flyingfounders.com\/index.php?rest_route=%2Fwp%2Fv2%2Fmedia&parent=216"}],"curies":[{"name":"wp","href":"https:\/\/api.w.org\/{rel}","templated":true}]}}