{"id":151,"date":"2020-07-05T05:52:53","date_gmt":"2020-07-05T05:52:53","guid":{"rendered":"https:\/\/jupiterx.artbees.net\/agency-3\/?page_id=151"},"modified":"2020-07-05T05:52:53","modified_gmt":"2020-07-05T05:52:53","slug":"service","status":"publish","type":"page","link":"https:\/\/www.flyingfounders.com\/?page_id=151","title":{"rendered":"Service"},"content":{"rendered":"\t\t<div data-elementor-type=\"wp-page\" data-elementor-id=\"151\" class=\"elementor elementor-151\">\n\t\t\t\t\t\t<section class=\"elementor-section elementor-top-section elementor-element elementor-element-f8307e5 elementor-section-boxed elementor-section-height-default elementor-section-height-default\" data-id=\"f8307e5\" data-element_type=\"section\" data-settings=\"{&quot;background_background&quot;:&quot;classic&quot;}\">\n\t\t\t\t\t\t<div class=\"elementor-container elementor-column-gap-default\">\n\t\t\t\t\t<div class=\"elementor-column elementor-col-100 elementor-top-column elementor-element elementor-element-20820d9\" data-id=\"20820d9\" data-element_type=\"column\">\n\t\t\t<div class=\"elementor-widget-wrap\">\n\t\t\t\t\t\t\t<\/div>\n\t\t<\/div>\n\t\t\t\t\t<\/div>\n\t\t<\/section>\n\t\t\t\t<section class=\"elementor-section elementor-top-section elementor-element elementor-element-b8c829b elementor-section-boxed elementor-section-height-default elementor-section-height-default\" data-id=\"b8c829b\" data-element_type=\"section\">\n\t\t\t\t\t\t<div class=\"elementor-container elementor-column-gap-default\">\n\t\t\t\t\t<div class=\"elementor-column elementor-col-100 elementor-top-column elementor-element elementor-element-84a842f\" data-id=\"84a842f\" data-element_type=\"column\">\n\t\t\t<div class=\"elementor-widget-wrap elementor-element-populated\">\n\t\t\t\t\t\t<div class=\"elementor-element elementor-element-08d86af elementor-widget elementor-widget-text-editor\" data-id=\"08d86af\" data-element_type=\"widget\" data-widget_type=\"text-editor.default\">\n\t\t\t\t<div class=\"elementor-widget-container\">\n\t\t\t<style>\/*! elementor - v3.21.0 - 18-04-2024 *\/\n.elementor-widget-text-editor.elementor-drop-cap-view-stacked .elementor-drop-cap{background-color:#69727d;color:#fff}.elementor-widget-text-editor.elementor-drop-cap-view-framed .elementor-drop-cap{color:#69727d;border:3px solid;background-color:transparent}.elementor-widget-text-editor:not(.elementor-drop-cap-view-default) .elementor-drop-cap{margin-top:8px}.elementor-widget-text-editor:not(.elementor-drop-cap-view-default) .elementor-drop-cap-letter{width:1em;height:1em}.elementor-widget-text-editor .elementor-drop-cap{float:left;text-align:center;line-height:1;font-size:50px}.elementor-widget-text-editor .elementor-drop-cap-letter{display:inline-block}<\/style>\t\t\t\t<p>Excepteur sint occaecat cupidatat non proident, sunt in culpa quiliai deserunt mollit anim id est laborum Sedut perspiciatis unde omnis iste natus error sit .<\/p>\t\t\t\t\t\t<\/div>\n\t\t\t\t<\/div>\n\t\t\t\t<section class=\"elementor-section elementor-inner-section elementor-element elementor-element-280626b elementor-section-boxed elementor-section-height-default elementor-section-height-default\" data-id=\"280626b\" data-element_type=\"section\">\n\t\t\t\t\t\t<div class=\"elementor-container elementor-column-gap-default\">\n\t\t\t\t\t<div class=\"elementor-column elementor-col-33 elementor-inner-column elementor-element elementor-element-d0bc539\" data-id=\"d0bc539\" data-element_type=\"column\">\n\t\t\t<div class=\"elementor-widget-wrap elementor-element-populated\">\n\t\t\t\t\t\t<div class=\"elementor-element elementor-element-0e056d6 elementor-widget elementor-widget-text-editor\" data-id=\"0e056d6\" data-element_type=\"widget\" data-widget_type=\"text-editor.default\">\n\t\t\t\t<div class=\"elementor-widget-container\">\n\t\t\t\t\t\t\t<p>Duis aute irure dolor in reprehend ptate velitei esse cillum dolore eu fugiat nulla pariatur xcepteur sinte.<\/p>\t\t\t\t\t\t<\/div>\n\t\t\t\t<\/div>\n\t\t\t\t\t<\/div>\n\t\t<\/div>\n\t\t\t\t<div class=\"elementor-column elementor-col-33 elementor-inner-column elementor-element elementor-element-1fbd4f2\" data-id=\"1fbd4f2\" data-element_type=\"column\">\n\t\t\t<div class=\"elementor-widget-wrap elementor-element-populated\">\n\t\t\t\t\t\t<div class=\"elementor-element elementor-element-5cfe44d elementor-widget elementor-widget-text-editor\" data-id=\"5cfe44d\" data-element_type=\"widget\" data-widget_type=\"text-editor.default\">\n\t\t\t\t<div class=\"elementor-widget-container\">\n\t\t\t\t\t\t\t<p>Duis aute irure dolor in reprehend ptate velitei esse cillum dolore eu fugiat nulla pariatur xcepteur sinte.<\/p>\t\t\t\t\t\t<\/div>\n\t\t\t\t<\/div>\n\t\t\t\t\t<\/div>\n\t\t<\/div>\n\t\t\t\t<div class=\"elementor-column elementor-col-33 elementor-inner-column elementor-element elementor-element-d8029e7\" data-id=\"d8029e7\" data-element_type=\"column\">\n\t\t\t<div class=\"elementor-widget-wrap elementor-element-populated\">\n\t\t\t\t\t\t<div class=\"elementor-element elementor-element-4051648 elementor-widget elementor-widget-text-editor\" data-id=\"4051648\" data-element_type=\"widget\" data-widget_type=\"text-editor.default\">\n\t\t\t\t<div class=\"elementor-widget-container\">\n\t\t\t\t\t\t\t<p>Duis aute irure dolor in reprehend ptate velitei esse cillum dolore eu fugiat nulla pariatur xcepteur sinte.<\/p>\t\t\t\t\t\t<\/div>\n\t\t\t\t<\/div>\n\t\t\t\t\t<\/div>\n\t\t<\/div>\n\t\t\t\t\t<\/div>\n\t\t<\/section>\n\t\t\t\t<section class=\"elementor-section elementor-inner-section elementor-element elementor-element-1e1744a elementor-section-boxed elementor-section-height-default elementor-section-height-default\" data-id=\"1e1744a\" data-element_type=\"section\">\n\t\t\t\t\t\t<div class=\"elementor-container elementor-column-gap-default\">\n\t\t\t\t\t<div class=\"elementor-column elementor-col-33 elementor-inner-column elementor-element elementor-element-3e91066\" data-id=\"3e91066\" data-element_type=\"column\">\n\t\t\t<div class=\"elementor-widget-wrap elementor-element-populated\">\n\t\t\t\t\t\t<div class=\"elementor-element elementor-element-886e00f elementor-widget elementor-widget-text-editor\" data-id=\"886e00f\" data-element_type=\"widget\" data-widget_type=\"text-editor.default\">\n\t\t\t\t<div class=\"elementor-widget-container\">\n\t\t\t\t\t\t\t<p>Duis aute irure dolor in reprehend ptate velitei esse cillum dolore eu fugiat nulla pariatur xcepteur sinte.<\/p>\t\t\t\t\t\t<\/div>\n\t\t\t\t<\/div>\n\t\t\t\t\t<\/div>\n\t\t<\/div>\n\t\t\t\t<div class=\"elementor-column elementor-col-33 elementor-inner-column elementor-element elementor-element-d3629f2\" data-id=\"d3629f2\" data-element_type=\"column\">\n\t\t\t<div class=\"elementor-widget-wrap elementor-element-populated\">\n\t\t\t\t\t\t<div class=\"elementor-element elementor-element-dc5b595 elementor-widget elementor-widget-text-editor\" data-id=\"dc5b595\" data-element_type=\"widget\" data-widget_type=\"text-editor.default\">\n\t\t\t\t<div class=\"elementor-widget-container\">\n\t\t\t\t\t\t\t<p>Duis aute irure dolor in reprehend ptate velitei esse cillum dolore eu fugiat nulla pariatur xcepteur sinte.<\/p>\t\t\t\t\t\t<\/div>\n\t\t\t\t<\/div>\n\t\t\t\t\t<\/div>\n\t\t<\/div>\n\t\t\t\t<div class=\"elementor-column elementor-col-33 elementor-inner-column elementor-element elementor-element-6cf02e2\" data-id=\"6cf02e2\" data-element_type=\"column\">\n\t\t\t<div class=\"elementor-widget-wrap elementor-element-populated\">\n\t\t\t\t\t\t<div class=\"elementor-element elementor-element-95c8568 elementor-widget elementor-widget-text-editor\" data-id=\"95c8568\" data-element_type=\"widget\" data-widget_type=\"text-editor.default\">\n\t\t\t\t<div class=\"elementor-widget-container\">\n\t\t\t\t\t\t\t<p>Duis aute irure dolor in reprehend ptate velitei esse cillum dolore eu fugiat nulla pariatur xcepteur sinte.<\/p>\t\t\t\t\t\t<\/div>\n\t\t\t\t<\/div>\n\t\t\t\t\t<\/div>\n\t\t<\/div>\n\t\t\t\t\t<\/div>\n\t\t<\/section>\n\t\t\t\t\t<\/div>\n\t\t<\/div>\n\t\t\t\t\t<\/div>\n\t\t<\/section>\n\t\t\t\t<section class=\"elementor-section elementor-top-section elementor-element elementor-element-74186aa elementor-section-boxed elementor-section-height-default elementor-section-height-default\" data-id=\"74186aa\" data-element_type=\"section\" data-settings=\"{&quot;background_background&quot;:&quot;classic&quot;}\">\n\t\t\t\t\t\t<div class=\"elementor-container elementor-column-gap-default\">\n\t\t\t\t\t<div class=\"elementor-column elementor-col-33 elementor-top-column elementor-element elementor-element-4377d69\" data-id=\"4377d69\" data-element_type=\"column\">\n\t\t\t<div class=\"elementor-widget-wrap\">\n\t\t\t\t\t\t\t<\/div>\n\t\t<\/div>\n\t\t\t\t<div class=\"elementor-column elementor-col-33 elementor-top-column elementor-element elementor-element-8ffb5f0\" data-id=\"8ffb5f0\" data-element_type=\"column\">\n\t\t\t<div class=\"elementor-widget-wrap\">\n\t\t\t\t\t\t\t<\/div>\n\t\t<\/div>\n\t\t\t\t<div class=\"elementor-column elementor-col-33 elementor-top-column elementor-element elementor-element-a5a36fd\" data-id=\"a5a36fd\" data-element_type=\"column\">\n\t\t\t<div class=\"elementor-widget-wrap\">\n\t\t\t\t\t\t\t<\/div>\n\t\t<\/div>\n\t\t\t\t\t<\/div>\n\t\t<\/section>\n\t\t\t\t<section class=\"elementor-section elementor-top-section elementor-element elementor-element-d47c845 elementor-section-boxed elementor-section-height-default elementor-section-height-default\" data-id=\"d47c845\" data-element_type=\"section\">\n\t\t\t\t\t\t<div class=\"elementor-container elementor-column-gap-default\">\n\t\t\t\t\t<div class=\"elementor-column elementor-col-50 elementor-top-column elementor-element elementor-element-c509664\" data-id=\"c509664\" data-element_type=\"column\">\n\t\t\t<div class=\"elementor-widget-wrap elementor-element-populated\">\n\t\t\t\t\t\t<div class=\"elementor-element elementor-element-9e52141 elementor-widget elementor-widget-text-editor\" data-id=\"9e52141\" data-element_type=\"widget\" data-widget_type=\"text-editor.default\">\n\t\t\t\t<div class=\"elementor-widget-container\">\n\t\t\t\t\t\t\t<p>Lorem ipsum dolor sit amet, consectetur adipisicing eliti sed do eiusmod tempor incididunt ut labore et dolore us aliqua. Ut enim ad minim veniam.<\/p>\t\t\t\t\t\t<\/div>\n\t\t\t\t<\/div>\n\t\t\t\t\t<\/div>\n\t\t<\/div>\n\t\t\t\t<div class=\"elementor-column elementor-col-50 elementor-top-column elementor-element elementor-element-3d9c3f9\" data-id=\"3d9c3f9\" data-element_type=\"column\">\n\t\t\t<div class=\"elementor-widget-wrap\">\n\t\t\t\t\t\t\t<\/div>\n\t\t<\/div>\n\t\t\t\t\t<\/div>\n\t\t<\/section>\n\t\t\t\t<section class=\"elementor-section elementor-top-section elementor-element elementor-element-8c017a5 elementor-section-boxed elementor-section-height-default elementor-section-height-default\" data-id=\"8c017a5\" data-element_type=\"section\">\n\t\t\t\t\t\t<div class=\"elementor-container elementor-column-gap-default\">\n\t\t\t\t\t<div class=\"elementor-column elementor-col-50 elementor-top-column elementor-element elementor-element-ffd9028\" data-id=\"ffd9028\" data-element_type=\"column\">\n\t\t\t<div class=\"elementor-widget-wrap\">\n\t\t\t\t\t\t\t<\/div>\n\t\t<\/div>\n\t\t\t\t<div class=\"elementor-column elementor-col-50 elementor-top-column elementor-element elementor-element-da44402\" data-id=\"da44402\" data-element_type=\"column\">\n\t\t\t<div class=\"elementor-widget-wrap\">\n\t\t\t\t\t\t\t<\/div>\n\t\t<\/div>\n\t\t\t\t\t<\/div>\n\t\t<\/section>\n\t\t\t\t<\/div>\n\t\t","protected":false},"excerpt":{"rendered":"<p>Home What We Do What We Do &amp; How We do it. Excepteur sint occaecat cupidatat non proident, sunt in culpa quiliai deserunt mollit anim id est laborum Sedut perspiciatis unde omnis iste natus error sit . 01.Market Research Duis aute irure dolor in reprehend ptate velitei esse cillum dolore eu fugiat nulla pariatur xcepteur [&hellip;]<\/p>\n","protected":false},"author":2,"featured_media":0,"parent":0,"menu_order":0,"comment_status":"closed","ping_status":"closed","template":"elementor_header_footer","meta":{"_monsterinsights_skip_tracking":false,"_monsterinsights_sitenote_active":false,"_monsterinsights_sitenote_note":"","_monsterinsights_sitenote_category":0,"footnotes":""},"yoast_head":"<!-- This site is optimized with the Yoast SEO plugin v22.5 - https:\/\/yoast.com\/wordpress\/plugins\/seo\/ -->\n<title>Agency - Jupiter X Templates<\/title>\n<meta name=\"description\" content=\"What makes a creative agency website so special? Great design, creative use of colors and elements, usability and responsiveness. Jupiter X WP Theme&#039;s Agency website template has it all and beyond!\" \/>\n<meta name=\"robots\" content=\"index, follow, max-snippet:-1, max-image-preview:large, max-video-preview:-1\" \/>\n<link rel=\"canonical\" href=\"https:\/\/www.flyingfounders.com\/?page_id=151\" \/>\n<meta property=\"og:locale\" content=\"sk_SK\" \/>\n<meta property=\"og:type\" content=\"article\" \/>\n<meta property=\"og:title\" content=\"Agency - Jupiter X Templates\" \/>\n<meta property=\"og:description\" content=\"What makes a creative agency website so special? Great design, creative use of colors and elements, usability and responsiveness. Jupiter X WP Theme&#039;s Agency website template has it all and beyond!\" \/>\n<meta property=\"og:url\" content=\"https:\/\/www.flyingfounders.com\/?page_id=151\" \/>\n<meta property=\"og:site_name\" content=\"Flying Founders\" \/>\n<meta property=\"og:image\" content=\"https:\/\/www.flyingfounders.com\/wp-content\/uploads\/2020\/07\/ff-logo-symbol.png\" \/>\n\t<meta property=\"og:image:width\" content=\"368\" \/>\n\t<meta property=\"og:image:height\" content=\"429\" \/>\n\t<meta property=\"og:image:type\" content=\"image\/png\" \/>\n<meta name=\"twitter:card\" content=\"summary_large_image\" \/>\n<meta name=\"twitter:label1\" content=\"Predpokladan\u00fd \u010das \u010d\u00edtania\" \/>\n\t<meta name=\"twitter:data1\" content=\"1 min\u00fata\" \/>\n<script type=\"application\/ld+json\" class=\"yoast-schema-graph\">{\"@context\":\"https:\/\/schema.org\",\"@graph\":[{\"@type\":\"WebPage\",\"@id\":\"https:\/\/www.flyingfounders.com\/?page_id=151\",\"url\":\"https:\/\/www.flyingfounders.com\/?page_id=151\",\"name\":\"Agency - Jupiter X Templates\",\"isPartOf\":{\"@id\":\"https:\/\/www.flyingfounders.com\/#website\"},\"datePublished\":\"2020-07-05T05:52:53+00:00\",\"dateModified\":\"2020-07-05T05:52:53+00:00\",\"description\":\"What makes a creative agency website so special? Great design, creative use of colors and elements, usability and responsiveness. Jupiter X WP Theme's Agency website template has it all and beyond!\",\"breadcrumb\":{\"@id\":\"https:\/\/www.flyingfounders.com\/?page_id=151#breadcrumb\"},\"inLanguage\":\"sk-SK\",\"potentialAction\":[{\"@type\":\"ReadAction\",\"target\":[\"https:\/\/www.flyingfounders.com\/?page_id=151\"]}]},{\"@type\":\"BreadcrumbList\",\"@id\":\"https:\/\/www.flyingfounders.com\/?page_id=151#breadcrumb\",\"itemListElement\":[{\"@type\":\"ListItem\",\"position\":1,\"name\":\"Home\",\"item\":\"https:\/\/www.flyingfounders.com\/\"},{\"@type\":\"ListItem\",\"position\":2,\"name\":\"Service\"}]},{\"@type\":\"WebSite\",\"@id\":\"https:\/\/www.flyingfounders.com\/#website\",\"url\":\"https:\/\/www.flyingfounders.com\/\",\"name\":\"Flying Founders\",\"description\":\"\",\"publisher\":{\"@id\":\"https:\/\/www.flyingfounders.com\/#organization\"},\"potentialAction\":[{\"@type\":\"SearchAction\",\"target\":{\"@type\":\"EntryPoint\",\"urlTemplate\":\"https:\/\/www.flyingfounders.com\/?s={search_term_string}\"},\"query-input\":\"required name=search_term_string\"}],\"inLanguage\":\"sk-SK\"},{\"@type\":\"Organization\",\"@id\":\"https:\/\/www.flyingfounders.com\/#organization\",\"name\":\"Flying Founders\",\"url\":\"https:\/\/www.flyingfounders.com\/\",\"logo\":{\"@type\":\"ImageObject\",\"inLanguage\":\"sk-SK\",\"@id\":\"https:\/\/www.flyingfounders.com\/#\/schema\/logo\/image\/\",\"url\":\"https:\/\/www.flyingfounders.com\/wp-content\/uploads\/2020\/07\/ff-logo-symbol.png\",\"contentUrl\":\"https:\/\/www.flyingfounders.com\/wp-content\/uploads\/2020\/07\/ff-logo-symbol.png\",\"width\":368,\"height\":429,\"caption\":\"Flying Founders\"},\"image\":{\"@id\":\"https:\/\/www.flyingfounders.com\/#\/schema\/logo\/image\/\"}}]}<\/script>\n<!-- \/ Yoast SEO plugin. -->","yoast_head_json":{"title":"Agency - Jupiter X Templates","description":"What makes a creative agency website so special? Great design, creative use of colors and elements, usability and responsiveness. Jupiter X WP Theme's Agency website template has it all and beyond!","robots":{"index":"index","follow":"follow","max-snippet":"max-snippet:-1","max-image-preview":"max-image-preview:large","max-video-preview":"max-video-preview:-1"},"canonical":"https:\/\/www.flyingfounders.com\/?page_id=151","og_locale":"sk_SK","og_type":"article","og_title":"Agency - Jupiter X Templates","og_description":"What makes a creative agency website so special? Great design, creative use of colors and elements, usability and responsiveness. Jupiter X WP Theme's Agency website template has it all and beyond!","og_url":"https:\/\/www.flyingfounders.com\/?page_id=151","og_site_name":"Flying Founders","og_image":[{"width":368,"height":429,"url":"https:\/\/www.flyingfounders.com\/wp-content\/uploads\/2020\/07\/ff-logo-symbol.png","type":"image\/png"}],"twitter_card":"summary_large_image","twitter_misc":{"Predpokladan\u00fd \u010das \u010d\u00edtania":"1 min\u00fata"},"schema":{"@context":"https:\/\/schema.org","@graph":[{"@type":"WebPage","@id":"https:\/\/www.flyingfounders.com\/?page_id=151","url":"https:\/\/www.flyingfounders.com\/?page_id=151","name":"Agency - Jupiter X Templates","isPartOf":{"@id":"https:\/\/www.flyingfounders.com\/#website"},"datePublished":"2020-07-05T05:52:53+00:00","dateModified":"2020-07-05T05:52:53+00:00","description":"What makes a creative agency website so special? Great design, creative use of colors and elements, usability and responsiveness. Jupiter X WP Theme's Agency website template has it all and beyond!","breadcrumb":{"@id":"https:\/\/www.flyingfounders.com\/?page_id=151#breadcrumb"},"inLanguage":"sk-SK","potentialAction":[{"@type":"ReadAction","target":["https:\/\/www.flyingfounders.com\/?page_id=151"]}]},{"@type":"BreadcrumbList","@id":"https:\/\/www.flyingfounders.com\/?page_id=151#breadcrumb","itemListElement":[{"@type":"ListItem","position":1,"name":"Home","item":"https:\/\/www.flyingfounders.com\/"},{"@type":"ListItem","position":2,"name":"Service"}]},{"@type":"WebSite","@id":"https:\/\/www.flyingfounders.com\/#website","url":"https:\/\/www.flyingfounders.com\/","name":"Flying Founders","description":"","publisher":{"@id":"https:\/\/www.flyingfounders.com\/#organization"},"potentialAction":[{"@type":"SearchAction","target":{"@type":"EntryPoint","urlTemplate":"https:\/\/www.flyingfounders.com\/?s={search_term_string}"},"query-input":"required name=search_term_string"}],"inLanguage":"sk-SK"},{"@type":"Organization","@id":"https:\/\/www.flyingfounders.com\/#organization","name":"Flying Founders","url":"https:\/\/www.flyingfounders.com\/","logo":{"@type":"ImageObject","inLanguage":"sk-SK","@id":"https:\/\/www.flyingfounders.com\/#\/schema\/logo\/image\/","url":"https:\/\/www.flyingfounders.com\/wp-content\/uploads\/2020\/07\/ff-logo-symbol.png","contentUrl":"https:\/\/www.flyingfounders.com\/wp-content\/uploads\/2020\/07\/ff-logo-symbol.png","width":368,"height":429,"caption":"Flying Founders"},"image":{"@id":"https:\/\/www.flyingfounders.com\/#\/schema\/logo\/image\/"}}]}},"_links":{"self":[{"href":"https:\/\/www.flyingfounders.com\/index.php?rest_route=\/wp\/v2\/pages\/151"}],"collection":[{"href":"https:\/\/www.flyingfounders.com\/index.php?rest_route=\/wp\/v2\/pages"}],"about":[{"href":"https:\/\/www.flyingfounders.com\/index.php?rest_route=\/wp\/v2\/types\/page"}],"author":[{"embeddable":true,"href":"https:\/\/www.flyingfounders.com\/index.php?rest_route=\/wp\/v2\/users\/2"}],"replies":[{"embeddable":true,"href":"https:\/\/www.flyingfounders.com\/index.php?rest_route=%2Fwp%2Fv2%2Fcomments&post=151"}],"version-history":[{"count":0,"href":"https:\/\/www.flyingfounders.com\/index.php?rest_route=\/wp\/v2\/pages\/151\/revisions"}],"wp:attachment":[{"href":"https:\/\/www.flyingfounders.com\/index.php?rest_route=%2Fwp%2Fv2%2Fmedia&parent=151"}],"curies":[{"name":"wp","href":"https:\/\/api.w.org\/{rel}","templated":true}]}}