{"id":111,"date":"2020-07-04T05:57:46","date_gmt":"2020-07-04T05:57:46","guid":{"rendered":"https:\/\/jupiterx.artbees.net\/agency-3\/?page_id=111"},"modified":"2024-04-18T17:10:40","modified_gmt":"2024-04-18T15:10:40","slug":"about","status":"publish","type":"page","link":"https:\/\/www.flyingfounders.com\/?page_id=111","title":{"rendered":"About"},"content":{"rendered":"\t\t<div data-elementor-type=\"wp-page\" data-elementor-id=\"111\" class=\"elementor elementor-111\">\n\t\t\t\t\t\t<section class=\"elementor-section elementor-top-section elementor-element elementor-element-070ca35 elementor-section-boxed elementor-section-height-default elementor-section-height-default\" data-id=\"070ca35\" data-element_type=\"section\" data-settings=\"{&quot;background_background&quot;:&quot;classic&quot;}\">\n\t\t\t\t\t\t<div class=\"elementor-container elementor-column-gap-default\">\n\t\t\t\t\t<div class=\"elementor-column elementor-col-100 elementor-top-column elementor-element elementor-element-7a1ab3d\" data-id=\"7a1ab3d\" data-element_type=\"column\">\n\t\t\t<div class=\"elementor-widget-wrap\">\n\t\t\t\t\t\t\t<\/div>\n\t\t<\/div>\n\t\t\t\t\t<\/div>\n\t\t<\/section>\n\t\t\t\t<section class=\"elementor-section elementor-top-section elementor-element elementor-element-3042e70 elementor-section-boxed elementor-section-height-default elementor-section-height-default\" data-id=\"3042e70\" data-element_type=\"section\">\n\t\t\t\t\t\t<div class=\"elementor-container elementor-column-gap-default\">\n\t\t\t\t\t<div class=\"elementor-column elementor-col-100 elementor-top-column elementor-element elementor-element-a240d20\" data-id=\"a240d20\" data-element_type=\"column\">\n\t\t\t<div class=\"elementor-widget-wrap elementor-element-populated\">\n\t\t\t\t\t\t<div class=\"elementor-element elementor-element-afb1193 elementor-widget elementor-widget-text-editor\" data-id=\"afb1193\" data-element_type=\"widget\" data-widget_type=\"text-editor.default\">\n\t\t\t\t<div class=\"elementor-widget-container\">\n\t\t\t<style>\/*! elementor - v3.21.0 - 18-04-2024 *\/\n.elementor-widget-text-editor.elementor-drop-cap-view-stacked .elementor-drop-cap{background-color:#69727d;color:#fff}.elementor-widget-text-editor.elementor-drop-cap-view-framed .elementor-drop-cap{color:#69727d;border:3px solid;background-color:transparent}.elementor-widget-text-editor:not(.elementor-drop-cap-view-default) .elementor-drop-cap{margin-top:8px}.elementor-widget-text-editor:not(.elementor-drop-cap-view-default) .elementor-drop-cap-letter{width:1em;height:1em}.elementor-widget-text-editor .elementor-drop-cap{float:left;text-align:center;line-height:1;font-size:50px}.elementor-widget-text-editor .elementor-drop-cap-letter{display:inline-block}<\/style>\t\t\t\t<p>Excepteur sint occaecat cupidatat non proident, sunt in culpa quiliai deserunt mollit anim id est laborum. Sed ut perspiciatis unde omnis iste natus error sit voluptatem accusantium doloremque udantiume totam rem aperiam, eaque ipsa quae ab illo inventore veritatis quasi architecto beatae vitae dicta sunt explicabo.<\/p><p>Duis aute irure dolor in reprehenderit in voluptate velitei esse cillum dolore eu fugiat nulla pariatur xcepteur sinte occaecat cupidatat non proident, sunt in culpa quofficia deserunt mollit anim id est aborum Sedut perspi ciatisei unde omnis iste natus error.<\/p>\t\t\t\t\t\t<\/div>\n\t\t\t\t<\/div>\n\t\t\t\t<section class=\"elementor-section elementor-inner-section elementor-element elementor-element-2bae617 elementor-section-boxed elementor-section-height-default elementor-section-height-default\" data-id=\"2bae617\" data-element_type=\"section\">\n\t\t\t\t\t\t<div class=\"elementor-container elementor-column-gap-default\">\n\t\t\t\t\t<div class=\"elementor-column elementor-col-33 elementor-inner-column elementor-element elementor-element-60a0c85\" data-id=\"60a0c85\" data-element_type=\"column\">\n\t\t\t<div class=\"elementor-widget-wrap elementor-element-populated\">\n\t\t\t\t\t\t<div class=\"elementor-element elementor-element-5b7f0e6 elementor-widget elementor-widget-text-editor\" data-id=\"5b7f0e6\" data-element_type=\"widget\" data-widget_type=\"text-editor.default\">\n\t\t\t\t<div class=\"elementor-widget-container\">\n\t\t\t\t\t\t\t<p>Excepteur sint occaecat cupidatat non proident suntin culpa.<\/p>\t\t\t\t\t\t<\/div>\n\t\t\t\t<\/div>\n\t\t\t\t\t<\/div>\n\t\t<\/div>\n\t\t\t\t<div class=\"elementor-column elementor-col-33 elementor-inner-column elementor-element elementor-element-aa4a7b5\" data-id=\"aa4a7b5\" data-element_type=\"column\">\n\t\t\t<div class=\"elementor-widget-wrap elementor-element-populated\">\n\t\t\t\t\t\t<div class=\"elementor-element elementor-element-f1307bb elementor-widget elementor-widget-text-editor\" data-id=\"f1307bb\" data-element_type=\"widget\" data-widget_type=\"text-editor.default\">\n\t\t\t\t<div class=\"elementor-widget-container\">\n\t\t\t\t\t\t\t<p>Excepteur sint occaecat cupidatat non proident suntin culpa.<\/p>\t\t\t\t\t\t<\/div>\n\t\t\t\t<\/div>\n\t\t\t\t\t<\/div>\n\t\t<\/div>\n\t\t\t\t<div class=\"elementor-column elementor-col-33 elementor-inner-column elementor-element elementor-element-05f5719\" data-id=\"05f5719\" data-element_type=\"column\">\n\t\t\t<div class=\"elementor-widget-wrap elementor-element-populated\">\n\t\t\t\t\t\t<div class=\"elementor-element elementor-element-f6920e8 elementor-widget elementor-widget-text-editor\" data-id=\"f6920e8\" data-element_type=\"widget\" data-widget_type=\"text-editor.default\">\n\t\t\t\t<div class=\"elementor-widget-container\">\n\t\t\t\t\t\t\t<p>Excepteur sint occaecat cupidatat non proident suntin culpa.<\/p>\t\t\t\t\t\t<\/div>\n\t\t\t\t<\/div>\n\t\t\t\t\t<\/div>\n\t\t<\/div>\n\t\t\t\t\t<\/div>\n\t\t<\/section>\n\t\t\t\t\t<\/div>\n\t\t<\/div>\n\t\t\t\t\t<\/div>\n\t\t<\/section>\n\t\t\t\t<section class=\"elementor-section elementor-top-section elementor-element elementor-element-9373400 elementor-section-boxed elementor-section-height-default elementor-section-height-default\" data-id=\"9373400\" data-element_type=\"section\" data-settings=\"{&quot;background_background&quot;:&quot;classic&quot;}\">\n\t\t\t\t\t\t\t<div class=\"elementor-background-overlay\"><\/div>\n\t\t\t\t\t\t\t<div class=\"elementor-container elementor-column-gap-default\">\n\t\t\t\t\t<div class=\"elementor-column elementor-col-100 elementor-top-column elementor-element elementor-element-0cf35bb\" data-id=\"0cf35bb\" data-element_type=\"column\">\n\t\t\t<div class=\"elementor-widget-wrap\">\n\t\t\t\t\t\t\t<\/div>\n\t\t<\/div>\n\t\t\t\t\t<\/div>\n\t\t<\/section>\n\t\t\t\t<section class=\"elementor-section elementor-top-section elementor-element elementor-element-f807b1e elementor-section-boxed elementor-section-height-default elementor-section-height-default\" data-id=\"f807b1e\" data-element_type=\"section\">\n\t\t\t\t\t\t<div class=\"elementor-container elementor-column-gap-default\">\n\t\t\t\t\t<div class=\"elementor-column elementor-col-100 elementor-top-column elementor-element elementor-element-bf5ef15\" data-id=\"bf5ef15\" data-element_type=\"column\">\n\t\t\t<div class=\"elementor-widget-wrap elementor-element-populated\">\n\t\t\t\t\t\t<div class=\"elementor-element elementor-element-7436170 elementor-widget-divider--view-line_text elementor-widget-divider--element-align-right elementor-widget elementor-widget-divider\" data-id=\"7436170\" data-element_type=\"widget\" data-widget_type=\"divider.default\">\n\t\t\t\t<div class=\"elementor-widget-container\">\n\t\t\t<style>\/*! elementor - v3.21.0 - 18-04-2024 *\/\n.elementor-widget-divider{--divider-border-style:none;--divider-border-width:1px;--divider-color:#0c0d0e;--divider-icon-size:20px;--divider-element-spacing:10px;--divider-pattern-height:24px;--divider-pattern-size:20px;--divider-pattern-url:none;--divider-pattern-repeat:repeat-x}.elementor-widget-divider .elementor-divider{display:flex}.elementor-widget-divider .elementor-divider__text{font-size:15px;line-height:1;max-width:95%}.elementor-widget-divider .elementor-divider__element{margin:0 var(--divider-element-spacing);flex-shrink:0}.elementor-widget-divider .elementor-icon{font-size:var(--divider-icon-size)}.elementor-widget-divider .elementor-divider-separator{display:flex;margin:0;direction:ltr}.elementor-widget-divider--view-line_icon .elementor-divider-separator,.elementor-widget-divider--view-line_text .elementor-divider-separator{align-items:center}.elementor-widget-divider--view-line_icon .elementor-divider-separator:after,.elementor-widget-divider--view-line_icon .elementor-divider-separator:before,.elementor-widget-divider--view-line_text .elementor-divider-separator:after,.elementor-widget-divider--view-line_text .elementor-divider-separator:before{display:block;content:\"\";border-block-end:0;flex-grow:1;border-block-start:var(--divider-border-width) var(--divider-border-style) var(--divider-color)}.elementor-widget-divider--element-align-left .elementor-divider .elementor-divider-separator>.elementor-divider__svg:first-of-type{flex-grow:0;flex-shrink:100}.elementor-widget-divider--element-align-left .elementor-divider-separator:before{content:none}.elementor-widget-divider--element-align-left .elementor-divider__element{margin-left:0}.elementor-widget-divider--element-align-right .elementor-divider .elementor-divider-separator>.elementor-divider__svg:last-of-type{flex-grow:0;flex-shrink:100}.elementor-widget-divider--element-align-right .elementor-divider-separator:after{content:none}.elementor-widget-divider--element-align-right .elementor-divider__element{margin-right:0}.elementor-widget-divider--element-align-start .elementor-divider .elementor-divider-separator>.elementor-divider__svg:first-of-type{flex-grow:0;flex-shrink:100}.elementor-widget-divider--element-align-start .elementor-divider-separator:before{content:none}.elementor-widget-divider--element-align-start .elementor-divider__element{margin-inline-start:0}.elementor-widget-divider--element-align-end .elementor-divider .elementor-divider-separator>.elementor-divider__svg:last-of-type{flex-grow:0;flex-shrink:100}.elementor-widget-divider--element-align-end .elementor-divider-separator:after{content:none}.elementor-widget-divider--element-align-end .elementor-divider__element{margin-inline-end:0}.elementor-widget-divider:not(.elementor-widget-divider--view-line_text):not(.elementor-widget-divider--view-line_icon) .elementor-divider-separator{border-block-start:var(--divider-border-width) var(--divider-border-style) var(--divider-color)}.elementor-widget-divider--separator-type-pattern{--divider-border-style:none}.elementor-widget-divider--separator-type-pattern.elementor-widget-divider--view-line .elementor-divider-separator,.elementor-widget-divider--separator-type-pattern:not(.elementor-widget-divider--view-line) .elementor-divider-separator:after,.elementor-widget-divider--separator-type-pattern:not(.elementor-widget-divider--view-line) .elementor-divider-separator:before,.elementor-widget-divider--separator-type-pattern:not([class*=elementor-widget-divider--view]) .elementor-divider-separator{width:100%;min-height:var(--divider-pattern-height);-webkit-mask-size:var(--divider-pattern-size) 100%;mask-size:var(--divider-pattern-size) 100%;-webkit-mask-repeat:var(--divider-pattern-repeat);mask-repeat:var(--divider-pattern-repeat);background-color:var(--divider-color);-webkit-mask-image:var(--divider-pattern-url);mask-image:var(--divider-pattern-url)}.elementor-widget-divider--no-spacing{--divider-pattern-size:auto}.elementor-widget-divider--bg-round{--divider-pattern-repeat:round}.rtl .elementor-widget-divider .elementor-divider__text{direction:rtl}.e-con-inner>.elementor-widget-divider,.e-con>.elementor-widget-divider{width:var(--container-widget-width,100%);--flex-grow:var(--container-widget-flex-grow)}<\/style>\t\t<div class=\"elementor-divider\">\n\t\t\t<span class=\"elementor-divider-separator\">\n\t\t\t\t\t\t\t<span class=\"elementor-divider__text elementor-divider__element\">\n\t\t\t\tTeam Member\t\t\t\t<\/span>\n\t\t\t\t\t\t<\/span>\n\t\t<\/div>\n\t\t\t\t<\/div>\n\t\t\t\t<\/div>\n\t\t\t\t<section class=\"elementor-section elementor-inner-section elementor-element elementor-element-ad25209 elementor-section-boxed elementor-section-height-default elementor-section-height-default\" data-id=\"ad25209\" data-element_type=\"section\">\n\t\t\t\t\t\t<div class=\"elementor-container elementor-column-gap-default\">\n\t\t\t\t\t<div class=\"elementor-column elementor-col-33 elementor-inner-column elementor-element elementor-element-ca0f8fc\" data-id=\"ca0f8fc\" data-element_type=\"column\">\n\t\t\t<div class=\"elementor-widget-wrap\">\n\t\t\t\t\t\t\t<\/div>\n\t\t<\/div>\n\t\t\t\t<div class=\"elementor-column elementor-col-33 elementor-inner-column elementor-element elementor-element-c72caf5\" data-id=\"c72caf5\" data-element_type=\"column\">\n\t\t\t<div class=\"elementor-widget-wrap\">\n\t\t\t\t\t\t\t<\/div>\n\t\t<\/div>\n\t\t\t\t<div class=\"elementor-column elementor-col-33 elementor-inner-column elementor-element elementor-element-78a67e6\" data-id=\"78a67e6\" data-element_type=\"column\">\n\t\t\t<div class=\"elementor-widget-wrap\">\n\t\t\t\t\t\t\t<\/div>\n\t\t<\/div>\n\t\t\t\t\t<\/div>\n\t\t<\/section>\n\t\t\t\t\t<\/div>\n\t\t<\/div>\n\t\t\t\t\t<\/div>\n\t\t<\/section>\n\t\t\t\t<section class=\"elementor-section elementor-top-section elementor-element elementor-element-ab00713 elementor-section-boxed elementor-section-height-default elementor-section-height-default\" data-id=\"ab00713\" data-element_type=\"section\">\n\t\t\t\t\t\t<div class=\"elementor-container elementor-column-gap-default\">\n\t\t\t\t\t<div class=\"elementor-column elementor-col-100 elementor-top-column elementor-element elementor-element-a7a1e46\" data-id=\"a7a1e46\" data-element_type=\"column\">\n\t\t\t<div class=\"elementor-widget-wrap\">\n\t\t\t\t\t\t\t<\/div>\n\t\t<\/div>\n\t\t\t\t\t<\/div>\n\t\t<\/section>\n\t\t\t\t<section class=\"elementor-section elementor-top-section elementor-element elementor-element-39e6efa elementor-section-boxed elementor-section-height-default elementor-section-height-default\" data-id=\"39e6efa\" data-element_type=\"section\" data-settings=\"{&quot;background_background&quot;:&quot;classic&quot;}\">\n\t\t\t\t\t\t<div class=\"elementor-container elementor-column-gap-default\">\n\t\t\t\t\t<div class=\"elementor-column elementor-col-100 elementor-top-column elementor-element elementor-element-d500ec4\" data-id=\"d500ec4\" data-element_type=\"column\">\n\t\t\t<div class=\"elementor-widget-wrap\">\n\t\t\t\t\t\t\t<\/div>\n\t\t<\/div>\n\t\t\t\t\t<\/div>\n\t\t<\/section>\n\t\t\t\t<\/div>\n\t\t","protected":false},"excerpt":{"rendered":"<p>Home Who We Are Excepteur sint occaecat cupidatat non proident, sunt in culpa quiliai deserunt mollit anim id est laborum. Sed ut perspiciatis unde omnis iste natus error sit voluptatem accusantium doloremque udantiume totam rem aperiam, eaque ipsa quae ab illo inventore veritatis quasi architecto beatae vitae dicta sunt explicabo. Duis aute irure dolor in [&hellip;]<\/p>\n","protected":false},"author":2,"featured_media":0,"parent":0,"menu_order":0,"comment_status":"closed","ping_status":"closed","template":"elementor_header_footer","meta":{"_monsterinsights_skip_tracking":false,"_monsterinsights_sitenote_active":false,"_monsterinsights_sitenote_note":"","_monsterinsights_sitenote_category":0,"footnotes":""},"yoast_head":"<!-- This site is optimized with the Yoast SEO plugin v22.5 - https:\/\/yoast.com\/wordpress\/plugins\/seo\/ -->\n<title>Agency - Jupiter X Templates<\/title>\n<meta name=\"description\" content=\"What makes a creative agency website so special? Great design, creative use of colors and elements, usability and responsiveness. Jupiter X WP Theme&#039;s Agency website template has it all and beyond!\" \/>\n<meta name=\"robots\" content=\"index, follow, max-snippet:-1, max-image-preview:large, max-video-preview:-1\" \/>\n<link rel=\"canonical\" href=\"https:\/\/www.flyingfounders.com\/?page_id=111\" \/>\n<meta property=\"og:locale\" content=\"sk_SK\" \/>\n<meta property=\"og:type\" content=\"article\" \/>\n<meta property=\"og:title\" content=\"Agency - Jupiter X Templates\" \/>\n<meta property=\"og:description\" content=\"What makes a creative agency website so special? Great design, creative use of colors and elements, usability and responsiveness. Jupiter X WP Theme&#039;s Agency website template has it all and beyond!\" \/>\n<meta property=\"og:url\" content=\"https:\/\/www.flyingfounders.com\/?page_id=111\" \/>\n<meta property=\"og:site_name\" content=\"Flying Founders\" \/>\n<meta property=\"article:modified_time\" content=\"2024-04-18T15:10:40+00:00\" \/>\n<meta property=\"og:image\" content=\"https:\/\/jupiterx.artbees.net\/agency-3\/wp-content\/uploads\/sites\/429\/2020\/07\/about1.jpg\" \/>\n<meta name=\"twitter:card\" content=\"summary_large_image\" \/>\n<meta name=\"twitter:label1\" content=\"Predpokladan\u00fd \u010das \u010d\u00edtania\" \/>\n\t<meta name=\"twitter:data1\" content=\"1 min\u00fata\" \/>\n<script type=\"application\/ld+json\" class=\"yoast-schema-graph\">{\"@context\":\"https:\/\/schema.org\",\"@graph\":[{\"@type\":\"WebPage\",\"@id\":\"https:\/\/www.flyingfounders.com\/?page_id=111\",\"url\":\"https:\/\/www.flyingfounders.com\/?page_id=111\",\"name\":\"Agency - Jupiter X Templates\",\"isPartOf\":{\"@id\":\"https:\/\/www.flyingfounders.com\/#website\"},\"primaryImageOfPage\":{\"@id\":\"https:\/\/www.flyingfounders.com\/?page_id=111#primaryimage\"},\"image\":{\"@id\":\"https:\/\/www.flyingfounders.com\/?page_id=111#primaryimage\"},\"thumbnailUrl\":\"https:\/\/www.flyingfounders.com\/wp-content\/uploads\/2020\/07\/about1-1.jpg\",\"datePublished\":\"2020-07-04T05:57:46+00:00\",\"dateModified\":\"2024-04-18T15:10:40+00:00\",\"description\":\"What makes a creative agency website so special? Great design, creative use of colors and elements, usability and responsiveness. Jupiter X WP Theme's Agency website template has it all and beyond!\",\"breadcrumb\":{\"@id\":\"https:\/\/www.flyingfounders.com\/?page_id=111#breadcrumb\"},\"inLanguage\":\"sk-SK\",\"potentialAction\":[{\"@type\":\"ReadAction\",\"target\":[\"https:\/\/www.flyingfounders.com\/?page_id=111\"]}]},{\"@type\":\"ImageObject\",\"inLanguage\":\"sk-SK\",\"@id\":\"https:\/\/www.flyingfounders.com\/?page_id=111#primaryimage\",\"url\":\"https:\/\/www.flyingfounders.com\/wp-content\/uploads\/2020\/07\/about1-1.jpg\",\"contentUrl\":\"https:\/\/www.flyingfounders.com\/wp-content\/uploads\/2020\/07\/about1-1.jpg\",\"width\":362,\"height\":540},{\"@type\":\"BreadcrumbList\",\"@id\":\"https:\/\/www.flyingfounders.com\/?page_id=111#breadcrumb\",\"itemListElement\":[{\"@type\":\"ListItem\",\"position\":1,\"name\":\"Home\",\"item\":\"https:\/\/www.flyingfounders.com\/\"},{\"@type\":\"ListItem\",\"position\":2,\"name\":\"About\"}]},{\"@type\":\"WebSite\",\"@id\":\"https:\/\/www.flyingfounders.com\/#website\",\"url\":\"https:\/\/www.flyingfounders.com\/\",\"name\":\"Flying Founders\",\"description\":\"\",\"publisher\":{\"@id\":\"https:\/\/www.flyingfounders.com\/#organization\"},\"potentialAction\":[{\"@type\":\"SearchAction\",\"target\":{\"@type\":\"EntryPoint\",\"urlTemplate\":\"https:\/\/www.flyingfounders.com\/?s={search_term_string}\"},\"query-input\":\"required name=search_term_string\"}],\"inLanguage\":\"sk-SK\"},{\"@type\":\"Organization\",\"@id\":\"https:\/\/www.flyingfounders.com\/#organization\",\"name\":\"Flying Founders\",\"url\":\"https:\/\/www.flyingfounders.com\/\",\"logo\":{\"@type\":\"ImageObject\",\"inLanguage\":\"sk-SK\",\"@id\":\"https:\/\/www.flyingfounders.com\/#\/schema\/logo\/image\/\",\"url\":\"https:\/\/www.flyingfounders.com\/wp-content\/uploads\/2020\/07\/ff-logo-symbol.png\",\"contentUrl\":\"https:\/\/www.flyingfounders.com\/wp-content\/uploads\/2020\/07\/ff-logo-symbol.png\",\"width\":368,\"height\":429,\"caption\":\"Flying Founders\"},\"image\":{\"@id\":\"https:\/\/www.flyingfounders.com\/#\/schema\/logo\/image\/\"}}]}<\/script>\n<!-- \/ Yoast SEO plugin. -->","yoast_head_json":{"title":"Agency - Jupiter X Templates","description":"What makes a creative agency website so special? Great design, creative use of colors and elements, usability and responsiveness. Jupiter X WP Theme's Agency website template has it all and beyond!","robots":{"index":"index","follow":"follow","max-snippet":"max-snippet:-1","max-image-preview":"max-image-preview:large","max-video-preview":"max-video-preview:-1"},"canonical":"https:\/\/www.flyingfounders.com\/?page_id=111","og_locale":"sk_SK","og_type":"article","og_title":"Agency - Jupiter X Templates","og_description":"What makes a creative agency website so special? Great design, creative use of colors and elements, usability and responsiveness. Jupiter X WP Theme's Agency website template has it all and beyond!","og_url":"https:\/\/www.flyingfounders.com\/?page_id=111","og_site_name":"Flying Founders","article_modified_time":"2024-04-18T15:10:40+00:00","og_image":[{"url":"https:\/\/jupiterx.artbees.net\/agency-3\/wp-content\/uploads\/sites\/429\/2020\/07\/about1.jpg"}],"twitter_card":"summary_large_image","twitter_misc":{"Predpokladan\u00fd \u010das \u010d\u00edtania":"1 min\u00fata"},"schema":{"@context":"https:\/\/schema.org","@graph":[{"@type":"WebPage","@id":"https:\/\/www.flyingfounders.com\/?page_id=111","url":"https:\/\/www.flyingfounders.com\/?page_id=111","name":"Agency - Jupiter X Templates","isPartOf":{"@id":"https:\/\/www.flyingfounders.com\/#website"},"primaryImageOfPage":{"@id":"https:\/\/www.flyingfounders.com\/?page_id=111#primaryimage"},"image":{"@id":"https:\/\/www.flyingfounders.com\/?page_id=111#primaryimage"},"thumbnailUrl":"https:\/\/www.flyingfounders.com\/wp-content\/uploads\/2020\/07\/about1-1.jpg","datePublished":"2020-07-04T05:57:46+00:00","dateModified":"2024-04-18T15:10:40+00:00","description":"What makes a creative agency website so special? Great design, creative use of colors and elements, usability and responsiveness. Jupiter X WP Theme's Agency website template has it all and beyond!","breadcrumb":{"@id":"https:\/\/www.flyingfounders.com\/?page_id=111#breadcrumb"},"inLanguage":"sk-SK","potentialAction":[{"@type":"ReadAction","target":["https:\/\/www.flyingfounders.com\/?page_id=111"]}]},{"@type":"ImageObject","inLanguage":"sk-SK","@id":"https:\/\/www.flyingfounders.com\/?page_id=111#primaryimage","url":"https:\/\/www.flyingfounders.com\/wp-content\/uploads\/2020\/07\/about1-1.jpg","contentUrl":"https:\/\/www.flyingfounders.com\/wp-content\/uploads\/2020\/07\/about1-1.jpg","width":362,"height":540},{"@type":"BreadcrumbList","@id":"https:\/\/www.flyingfounders.com\/?page_id=111#breadcrumb","itemListElement":[{"@type":"ListItem","position":1,"name":"Home","item":"https:\/\/www.flyingfounders.com\/"},{"@type":"ListItem","position":2,"name":"About"}]},{"@type":"WebSite","@id":"https:\/\/www.flyingfounders.com\/#website","url":"https:\/\/www.flyingfounders.com\/","name":"Flying Founders","description":"","publisher":{"@id":"https:\/\/www.flyingfounders.com\/#organization"},"potentialAction":[{"@type":"SearchAction","target":{"@type":"EntryPoint","urlTemplate":"https:\/\/www.flyingfounders.com\/?s={search_term_string}"},"query-input":"required name=search_term_string"}],"inLanguage":"sk-SK"},{"@type":"Organization","@id":"https:\/\/www.flyingfounders.com\/#organization","name":"Flying Founders","url":"https:\/\/www.flyingfounders.com\/","logo":{"@type":"ImageObject","inLanguage":"sk-SK","@id":"https:\/\/www.flyingfounders.com\/#\/schema\/logo\/image\/","url":"https:\/\/www.flyingfounders.com\/wp-content\/uploads\/2020\/07\/ff-logo-symbol.png","contentUrl":"https:\/\/www.flyingfounders.com\/wp-content\/uploads\/2020\/07\/ff-logo-symbol.png","width":368,"height":429,"caption":"Flying Founders"},"image":{"@id":"https:\/\/www.flyingfounders.com\/#\/schema\/logo\/image\/"}}]}},"_links":{"self":[{"href":"https:\/\/www.flyingfounders.com\/index.php?rest_route=\/wp\/v2\/pages\/111"}],"collection":[{"href":"https:\/\/www.flyingfounders.com\/index.php?rest_route=\/wp\/v2\/pages"}],"about":[{"href":"https:\/\/www.flyingfounders.com\/index.php?rest_route=\/wp\/v2\/types\/page"}],"author":[{"embeddable":true,"href":"https:\/\/www.flyingfounders.com\/index.php?rest_route=\/wp\/v2\/users\/2"}],"replies":[{"embeddable":true,"href":"https:\/\/www.flyingfounders.com\/index.php?rest_route=%2Fwp%2Fv2%2Fcomments&post=111"}],"version-history":[{"count":1,"href":"https:\/\/www.flyingfounders.com\/index.php?rest_route=\/wp\/v2\/pages\/111\/revisions"}],"predecessor-version":[{"id":443,"href":"https:\/\/www.flyingfounders.com\/index.php?rest_route=\/wp\/v2\/pages\/111\/revisions\/443"}],"wp:attachment":[{"href":"https:\/\/www.flyingfounders.com\/index.php?rest_route=%2Fwp%2Fv2%2Fmedia&parent=111"}],"curies":[{"name":"wp","href":"https:\/\/api.w.org\/{rel}","templated":true}]}}